{"id":106,"date":"2018-11-02T10:41:38","date_gmt":"2018-11-02T10:41:38","guid":{"rendered":"http:\/\/listeo.wpengine.com\/?page_id=40"},"modified":"2018-11-02T10:41:38","modified_gmt":"2018-11-02T10:41:38","slug":"bookings","status":"publish","type":"page","link":"https:\/\/www.doctorics.com\/health\/bookings\/","title":{"rendered":"Bookings"},"content":{"rendered":"<div class=\"row\">\n\t<!-- Listings -->\n\t<div class=\"col-lg-12 col-md-12\">\n\t\t<div class=\"dashboard-list-box  margin-top-0\">\n\t\t\t<div class=\"headline-with-filters list-view\">\n\n\n\t\t\t\t<!-- Booking Requests Filters  -->\n\t\t\t\t<div class=\"booking-requests-filter\">\n\t\t\t\t\t\t\t\t\t\t\t<input type=\"hidden\" id=\"dashboard_type\" name=\"dashboard_type\" value=\"owner\">\n\t\t\t\t\t\t<!-- <input type=\"text\" name=\"booking_author\" id=\"dashboard-booking-author-search\"> -->\n\t\t\t\t\t\t<div class=\"sort-by-booking-author\">\n\t\t\t\t\t\t\t<div class=\"sort-by-select\">\n\t\t\t\t\t\t\t\t<select data-placeholder=\"All Users\" class=\"select2-bookings-author\" id=\"booking_author\">\n\t\t\t\t\t\t\t\t\t<option value=\"show_all\">All Users<\/option>\n\t\t\t\t\t\t\t\t\t\t\t\t\t\t\t\t\t<\/select>\n\t\t\t\t\t\t\t<\/div>\n\t\t\t\t\t\t<\/div>\n\t\t\t\t\t\t\t\t\t\t\t\t\t\t\t\t<!-- Sort by -->\n\t\t\t\t\t\t<div class=\"sort-by-status\">\n\t\t\t\t\t\t\t<div class=\"sort-by-select\">\n\t\t\t\t\t\t\t\t<select data-placeholder=\"Default order\" class=\"select2-bookings-status\" id=\"listing_status\">\n\t\t\t\t\t\t\t\t\t<option value=\"approved\">All Statuses<\/option>\n\t\t\t\t\t\t\t\t\t<option value=\"confirmed\">Unpaid<\/option>\n\t\t\t\t\t\t\t\t\t<option value=\"paid\">Paid<\/option>\n\t\t\t\t\t\t\t\t<\/select>\n\t\t\t\t\t\t\t<\/div>\n\t\t\t\t\t\t<\/div>\n\t\t\t\t\t\n\t\t\t\t\t\t\t\t\t\t\t<input type=\"hidden\" id=\"listing_status\" value=\"approved\">\n\t\t\t\t\t\t\t\t\t\t\t\t\t\t\t\t<!-- Sort by -->\n\t\t\t\t\t\t<div class=\"sort-by\">\n\t\t\t\t\t\t\t<div class=\"sort-by-select\">\n\t\t\t\t\t\t\t\t<select data-placeholder=\"Default order\" class=\"select2-bookings\" id=\"listing_id\">\n\t\t\t\t\t\t\t\t\t<option value=\"show_all\">All Listings<\/option>\n\t\t\t\t\t\t\t\t\t\t\t\t\t\t\t\t\t\t\t<option value=\"802\">Dr. Sneha Sharma &#8211; Psychiatrist in Gurgaon<\/option>\n\t\t\t\t\t\t\t\t\t\t\t\t\t\t\t\t\t\t\t<option value=\"787\">Hospitadent Kayseri<\/option>\n\t\t\t\t\t\t\t\t\t\t\t\t\t\t\t\t\t\t\t<option value=\"774\">Hospitadent G\u00f6kt\u00fcrk<\/option>\n\t\t\t\t\t\t\t\t\t\t\t\t\t\t\t\t\t\t\t<option value=\"771\">Hospitadent Cevizliba\u011f<\/option>\n\t\t\t\t\t\t\t\t\t\t\t\t\t\t\t\t\t\t\t<option value=\"768\">Hospitadent \u015eerifali<\/option>\n\t\t\t\t\t\t\t\t\t\t\t\t\t\t\t\t\t\t\t<option value=\"765\">Hospitadent Bak\u0131rk\u00f6y<\/option>\n\t\t\t\t\t\t\t\t\t\t\t\t\t\t\t\t\t\t\t<option value=\"762\">Hospitadent Pendik<\/option>\n\t\t\t\t\t\t\t\t\t\t\t\t\t\t\t\t\t\t\t<option value=\"759\">Hospitadent \u00c7aml\u0131ca<\/option>\n\t\t\t\t\t\t\t\t\t\t\t\t\t\t\t\t\t\t\t<option value=\"756\">Hospitadent Fatih<\/option>\n\t\t\t\t\t\t\t\t\t\t\t\t\t\t\t\t\t\t\t<option value=\"753\">Hospitadent Ba\u011fc\u0131lar<\/option>\n\t\t\t\t\t\t\t\t\t\t\t\t\t\t\t\t\t\t\t<option value=\"750\">Hospitadent Mecidiyek\u00f6y<\/option>\n\t\t\t\t\t\t\t\t\t\t\t\t\t\t\t\t\t\t\t<option value=\"704\">RPSSI Nassau<\/option>\n\t\t\t\t\t\t\t\t\t\t\t\t\t\t\t\t\t\t\t<option value=\"737\">DR. ZOH\u0130<\/option>\n\t\t\t\t\t\t\t\t\t\t\t\t\t\t\t\t\t\t\t<option value=\"724\">Bagan Strinden Vision<\/option>\n\t\t\t\t\t\t\t\t\t\t\t\t\t\t\t\t\t\t\t<option value=\"713\">Kalptaru Herbal Therapy Centre<\/option>\n\t\t\t\t\t\t\t\t\t\t\t\t\t\t\t\t\t\t\t<option value=\"683\">Do\u00e7. Dr. Oya BOZKURT<\/option>\n\t\t\t\t\t\t\t\t\t\t\t\t\t\t\t\t\t\t\t<option value=\"680\">Uzm. Dr. Onur YILMAZ<\/option>\n\t\t\t\t\t\t\t\t\t\t\t\t\t\t\t\t\t\t\t<option value=\"677\">Prof. Dr. Okan TAYCAN<\/option>\n\t\t\t\t\t\t\t\t\t\t\t\t\t\t\t\t\t\t\t<option value=\"674\">Uzm. Dr. Cenk YANCAR<\/option>\n\t\t\t\t\t\t\t\t\t\t\t\t\t\t\t\t\t\t\t<option value=\"671\">Uzm. Dr. \u00c7a\u011fr\u0131 \u00c7ALCI YILMAZ<\/option>\n\t\t\t\t\t\t\t\t\t\t\t\t\t\t\t\t\t\t\t<option value=\"668\">Dr. Ay\u00e7a Can UZ<\/option>\n\t\t\t\t\t\t\t\t\t\t\t\t\t\t\t\t\t\t\t<option value=\"665\">Uzm. Dr. Ali AYAS<\/option>\n\t\t\t\t\t\t\t\t\t\t\t\t\t\t\t\t\t\t\t<option value=\"662\">Uzm. Dr. Alev ERD\u0130N\u00c7LER<\/option>\n\t\t\t\t\t\t\t\t\t\t\t\t\t\t\t\t\t\t\t<option value=\"659\">Uzm. Dr. Ahmet KOYUNCU<\/option>\n\t\t\t\t\t\t\t\t\t\t\t\t\t\t\t\t\t\t\t<option value=\"656\">Psk. Ahmet CO\u015eKUN<\/option>\n\t\t\t\t\t\t\t\t\t\t\t\t\t\t\t\t\t\t\t<option value=\"653\">\u00d6zel Okmeydan\u0131 Hastanesi<\/option>\n\t\t\t\t\t\t\t\t\t\t\t\t\t\t\t\t\t\t\t<option value=\"650\">\u00d6zel Mercan Hastanesi<\/option>\n\t\t\t\t\t\t\t\t\t\t\t\t\t\t\t\t\t\t\t<option value=\"647\">\u00d6zel Mediworl T\u0131p Merkezi<\/option>\n\t\t\t\t\t\t\t\t\t\t\t\t\t\t\t\t\t\t\t<option value=\"644\">\u00d6zel Medilife \u00c7apa Hastanesi<\/option>\n\t\t\t\t\t\t\t\t\t\t\t\t\t\t\t\t\t\t\t<option value=\"641\">Y\u0131ld\u0131r\u0131m Y\u00fcksel Muayenehanesi<\/option>\n\t\t\t\t\t\t\t\t\t\t\t\t\t\t\t\t\t\t\t<option value=\"638\">Ye\u015fim Erbil Muayenehanesi<\/option>\n\t\t\t\t\t\t\t\t\t\t\t\t\t\t\t\t\t\t\t<option value=\"635\">Yeni Y\u00fczy\u0131l \u00dcniversitesi \u00d6zel Gaziosmanpa\u015fa Hastanesi<\/option>\n\t\t\t\t\t\t\t\t\t\t\t\t\t\t\t\t\t\t\t<option value=\"632\">Yeditepe \u00dcniversitesi Kozyata\u011f\u0131 Hastanesi<\/option>\n\t\t\t\t\t\t\t\t\t\t\t\t\t\t\t\t\t\t\t<option value=\"629\">VM Medical Park Maltepe Hastanesi<\/option>\n\t\t\t\t\t\t\t\t\t\t\t\t\t\t\t\t\t\t\t<option value=\"626\">Emsey Hospital<\/option>\n\t\t\t\t\t\t\t\t\t\t\t\t\t\t\t\t\t\t\t<option value=\"623\">Medipol \u00dcniversitesi Sefak\u00f6y Hastanesi<\/option>\n\t\t\t\t\t\t\t\t\t\t\t\t\t\t\t\t\t\t\t<option value=\"620\">Medicana Ata\u015fehir Hastanesi<\/option>\n\t\t\t\t\t\t\t\t\t\t\t\t\t\t\t\t\t\t\t<option value=\"617\">Ey\u00fcp Devlet Hastanesi<\/option>\n\t\t\t\t\t\t\t\t\t\t\t\t\t\t\t\t\t\t\t<option value=\"614\">Esenler \u00d6zel Avicenna Hastanesi<\/option>\n\t\t\t\t\t\t\t\t\t\t\t\t\t\t\t\t\t\t\t<option value=\"611\">Esenler Medipol \u00dcniversitesi Hastanesi<\/option>\n\t\t\t\t\t\t\t\t\t\t\t\t\t\t\t\t\t\t\t<option value=\"608\">Delta Hospital K\u00fc\u00e7\u00fckyal\u0131<\/option>\n\t\t\t\t\t\t\t\t\t\t\t\t\t\t\t\t\t\t\t<option value=\"605\">\u00c7aml\u0131ca Medipol \u00dcniversitesi Hastanesi<\/option>\n\t\t\t\t\t\t\t\t\t\t\t\t\t\t\t\t\t\t\t<option value=\"602\">Bliss G\u00fczellik Merkezi<\/option>\n\t\t\t\t\t\t\t\t\t\t\t\t\t\t\t\t\t\t\t<option value=\"599\">B\u0130 Clinic<\/option>\n\t\t\t\t\t\t\t\t\t\t\t\t\t\t\t\t\t\t\t<option value=\"592\">Bezmialem Vak\u0131f \u00dcniversitesi Dragos Hastanesi<\/option>\n\t\t\t\t\t\t\t\t\t\t\t\t\t\t\t\t\t\t\t<option value=\"589\">Berker B\u00fcy\u00fckg\u00fcral Muayenehanesi<\/option>\n\t\t\t\t\t\t\t\t\t\t\t\t\t\t\t\t\t\t\t<option value=\"586\">Belma \u015eahin Muayenehanesi<\/option>\n\t\t\t\t\t\t\t\t\t\t\t\t\t\t\t\t\t\t\t<option value=\"583\">Ba\u015fak\u015fehir \u00c7am ve Sakura \u015eehir Hastanesi<\/option>\n\t\t\t\t\t\t\t\t\t\t\t\t\t\t\t\t\t\t\t<option value=\"580\">Bahattin \u00c7elik\u00f6z Muayenehanesi<\/option>\n\t\t\t\t\t\t\t\t\t\t\t\t\t\t\t\t\t\t\t<option value=\"577\">Alp Aslan Muayenehanesi<\/option>\n\t\t\t\t\t\t\t\t\t\t\t\t\t\t\t\t\t\t\t<option value=\"574\">Ali G\u00fcrlek Muayenehanesi<\/option>\n\t\t\t\t\t\t\t\t\t\t\t\t\t\t\t\t\t\t\t<option value=\"571\">Ahmet \u015eirin Muayenehanesi<\/option>\n\t\t\t\t\t\t\t\t\t\t\t\t\t\t\t\t\t\t\t<option value=\"568\">Ahmet Arif Ero\u011flu Muayenehanesi<\/option>\n\t\t\t\t\t\t\t\t\t\t\t\t\t\t\t\t\t\t\t<option value=\"565\">Ac\u0131badem Ata\u015fehir Cerrahi T\u0131p Merkezi<\/option>\n\t\t\t\t\t\t\t\t\t\t\t\t\t\t\t\t\t\t\t<option value=\"562\">Academic Hospital<\/option>\n\t\t\t\t\t\t\t\t\t\t\t\t\t\t\t\t\t\t\t<option value=\"559\">Do\u00e7. Dr. Ahter Tanay TAYYAR Kad\u0131n Sa\u011fl\u0131\u011f\u0131 Klini\u011fi<\/option>\n\t\t\t\t\t\t\t\t\t\t\t\t\t\t\t\t\t\t\t<option value=\"556\">Avrupa \u00d6zel \u015eafak Hastanesi<\/option>\n\t\t\t\t\t\t\t\t\t\t\t\t\t\t\t\t\t\t\t<option value=\"553\">Ata\u015fehir Florence Nightingale Hastanesi<\/option>\n\t\t\t\t\t\t\t\t\t\t\t\t\t\t\t\t\t\t\t<option value=\"550\">Ac\u0131badem Bak\u0131rk\u00f6y Hastanesi<\/option>\n\t\t\t\t\t\t\t\t\t\t\t\t\t\t\t\t\t\t\t<option value=\"547\">Ac\u0131badem Atakent Hastanesi<\/option>\n\t\t\t\t\t\t\t\t\t\t\t\t\t\t\t\t\t\t\t<option value=\"544\">\u00d6zel Ota\u011ftepe T\u0131p Merkezi<\/option>\n\t\t\t\t\t\t\t\t\t\t\t\t\t\t\t\t\t\t\t<option value=\"541\">Avrasya Hastanesi Gaziosmanpa\u015fa<\/option>\n\t\t\t\t\t\t\t\t\t\t\t\t\t\t\t\t\t\t\t<option value=\"538\">Sultangazi \u00d6zel \u015eafak T\u0131p Merkezi<\/option>\n\t\t\t\t\t\t\t\t\t\t\t\t\t\t\t\t\t\t\t<option value=\"535\">\u00d6zel Rami Hastanesi<\/option>\n\t\t\t\t\t\t\t\t\t\t\t\t\t\t\t\t\t\t\t<option value=\"532\">A Hastanesi<\/option>\n\t\t\t\t\t\t\t\t\t\t\t\t\t\t\t\t\t\t\t<option value=\"529\">Dr. \u00d6\u011fr. \u00dcyesi Asl\u0131 DATLI<\/option>\n\t\t\t\t\t\t\t\t\t\t\t\t\t\t\t\t\t\t\t<option value=\"526\">Dr. Aret \u00c7er\u00e7i \u00d6ZKAN<\/option>\n\t\t\t\t\t\t\t\t\t\t\t\t\t\t\t\t\t\t\t<option value=\"523\">Prof. Dr. Ay\u015fin Karasoy YE\u015e\u0130LADA<\/option>\n\t\t\t\t\t\t\t\t\t\t\t\t\t\t\t\t\t\t\t<option value=\"520\">Op. Dr. Ay\u015fe Bilge SEZG\u0130N<\/option>\n\t\t\t\t\t\t\t\t\t\t\t\t\t\t\t\t\t\t\t<option value=\"517\">Op. Dr. Aylin KURT<\/option>\n\t\t\t\t\t\t\t\t\t\t\t\t\t\t\t\t\t\t\t<option value=\"512\">Op. Dr. Aykut MISIRLIO\u011eLU<\/option>\n\t\t\t\t\t\t\t\t\t\t\t\t\t\t\t\t\t\t\t<option value=\"509\">Prof. Dr. Ayd\u0131n G\u00d6Z\u00dc<\/option>\n\t\t\t\t\t\t\t\t\t\t\t\t\t\t\t\t\t\t\t<option value=\"506\">Op. Dr. Ayaz ASLAN<\/option>\n\t\t\t\t\t\t\t\t\t\t\t\t\t\t\t\t\t\t\t<option value=\"503\">Op. Dr. Attila HACILAR<\/option>\n\t\t\t\t\t\t\t\t\t\t\t\t\t\t\t\t\t\t\t<option value=\"499\">Op. Dr. Bora \u00d6ZEL<\/option>\n\t\t\t\t\t\t\t\t\t\t\t\t\t\t\t\t\t\t\t<option value=\"495\">Op. Dr. Bilgehan \u0130LKER<\/option>\n\t\t\t\t\t\t\t\t\t\t\t\t\t\t\t\t\t\t\t<option value=\"492\">Op. Dr. Bet\u00fcl ERDEM\u0130R<\/option>\n\t\t\t\t\t\t\t\t\t\t\t\t\t\t\t\t\t\t\t<option value=\"489\">Op. Dr. Berker B\u00dcY\u00dcKG\u00dcRAL<\/option>\n\t\t\t\t\t\t\t\t\t\t\t\t\t\t\t\t\t\t\t<option value=\"486\">Op. Dr. Berfu BABU\u00c7CU<\/option>\n\t\t\t\t\t\t\t\t\t\t\t\t\t\t\t\t\t\t\t<option value=\"483\">Uzm. Dr. Canan \u00d6ZT\u00dcRK<\/option>\n\t\t\t\t\t\t\t\t\t\t\t\t\t\t\t\t\t\t\t<option value=\"480\">Uzm. Dr. Burcu SARIG\u00d6L<\/option>\n\t\t\t\t\t\t\t\t\t\t\t\t\t\t\t\t\t\t\t<option value=\"477\">Prof. Dr. Ahmet AKAR<\/option>\n\t\t\t\t\t\t\t\t\t\t\t\t\t\t\t\t\t\t\t<option value=\"474\">Uzm. Dr. Abdullah \u00dcNAL<\/option>\n\t\t\t\t\t\t\t\t\t\t\t\t\t\t\t\t\t\t\t<option value=\"471\">Uzm. Dr. Mustafa Kaan TA\u015eOLAR<\/option>\n\t\t\t\t\t\t\t\t\t\t\t\t\t\t\t\t\t\t\t<option value=\"468\">Uzm. Dr. Erol \u00d6ZAN<\/option>\n\t\t\t\t\t\t\t\t\t\t\t\t\t\t\t\t\t\t\t<option value=\"465\">Op. Dr. Ak\u0131n \u015eAH\u0130N<\/option>\n\t\t\t\t\t\t\t\t\t\t\t\t\t\t\t\t\t\t\t<option value=\"462\">Uzm. Dr. Celalettin DEM\u0130R<\/option>\n\t\t\t\t\t\t\t\t\t\t\t\t\t\t\t\t\t\t\t<option value=\"459\">Op. Dr. Muzaffer \u0130NAN<\/option>\n\t\t\t\t\t\t\t\t\t\t\t\t\t\t\t\t\t\t\t<option value=\"456\">Op. Dr. Ay\u015fe SEZ\u0130M \u015eAFAK<\/option>\n\t\t\t\t\t\t\t\t\t\t\t\t\t\t\t\t\t\t\t<option value=\"453\">Yrd. Do\u00e7. Dr. Engin \u015eENG\u00dcL<\/option>\n\t\t\t\t\t\t\t\t\t\t\t\t\t\t\t\t\t\t\t<option value=\"450\">Op. Dr. Aytekin PARMAK<\/option>\n\t\t\t\t\t\t\t\t\t\t\t\t\t\t\t\t\t\t\t<option value=\"447\">Prof. Dr. Ay\u015fe Adin SEL\u00c7UK<\/option>\n\t\t\t\t\t\t\t\t\t\t\t\t\t\t\t\t\t\t\t<option value=\"444\">Op. Dr. Adem TOPALO\u011eLU<\/option>\n\t\t\t\t\t\t\t\t\t\t\t\t\t\t\t\t\t\t\t<option value=\"441\">Prof. Dr. Adem AK\u00c7AKAYA<\/option>\n\t\t\t\t\t\t\t\t\t\t\t\t\t\t\t\t\t\t\t<option value=\"438\">Op. Dr. \u015eefika AKSOY<\/option>\n\t\t\t\t\t\t\t\t\t\t\t\t\t\t\t\t\t\t\t<option value=\"435\">Op. Dr. Hasan L\u0130CE<\/option>\n\t\t\t\t\t\t\t\t\t\t\t\t\t\t\t\t\t\t\t<option value=\"432\">Op. Dr. Co\u015fkun G\u00d6RM\u00dc\u015e<\/option>\n\t\t\t\t\t\t\t\t\t\t\t\t\t\t\t\t\t\t\t<option value=\"429\">Prof. Dr. H\u00fcseyin S\u0130NAN<\/option>\n\t\t\t\t\t\t\t\t\t\t\t\t\t\t\t\t\t\t\t<option value=\"426\">Do\u00e7. Dr. Metehan G\u00dcM\u00dc\u015e<\/option>\n\t\t\t\t\t\t\t\t\t\t\t\t\t\t\t\t\t\t\t<option value=\"423\">Do\u00e7. Dr. Fatih \u00c7\u0130FT\u00c7\u0130<\/option>\n\t\t\t\t\t\t\t\t\t\t\t\t\t\t\t\t\t\t\t<option value=\"419\">Op. Dr. Mehmet Durmu\u015f KURT<\/option>\n\t\t\t\t\t\t\t\t\t\t\t\t\t\t\t\t\t\t\t<option value=\"416\">Prof. Dr. Emre S\u0130VR\u0130KOZ<\/option>\n\t\t\t\t\t\t\t\t\t\t\t\t\t\t\t\t\t\t\t<option value=\"413\">Prof. Dr. \u0130lker S\u00dcC\u00dcLL\u00dc<\/option>\n\t\t\t\t\t\t\t\t\t\t\t\t\t\t\t\t\t\t\t<option value=\"410\">Dr. \u00d6\u011fr. \u00dcyesi Ahmet KAHRAMAN<\/option>\n\t\t\t\t\t\t\t\t\t\t\t\t\t\t\t\t\t\t\t<option value=\"407\">Op. Dr. Ahmet D\u0130LBER<\/option>\n\t\t\t\t\t\t\t\t\t\t\t\t\t\t\t\t\t\t\t<option value=\"404\">Op. Dr. Ahmet AYDIN<\/option>\n\t\t\t\t\t\t\t\t\t\t\t\t\t\t\t\t\t\t\t<option value=\"401\">Op. Dr. Ahmet Arif ERO\u011eLU<\/option>\n\t\t\t\t\t\t\t\t\t\t\t\t\t\t\t\t\t\t\t<option value=\"398\">Op. Dr. Abdullah \u00c7ALIK<\/option>\n\t\t\t\t\t\t\t\t\t\t\t\t\t\t\t\t\t\t\t<option value=\"394\">Op. Dr. Fuat KUR\u015eUN<\/option>\n\t\t\t\t\t\t\t\t\t\t\t\t\t\t\t\t\t\t\t<option value=\"391\">Op. Dr.\u00a0Fevzi Yava\u015f\u00a0<\/option>\n\t\t\t\t\t\t\t\t\t\t\t\t\t\t\t\t\t\t\t<option value=\"388\">Op. Dr. U\u011fur \u015eAH\u0130N<\/option>\n\t\t\t\t\t\t\t\t\t\t\t\t\t\t\t\t\t\t\t<option value=\"385\">Op. Dr. Turab \u0130SMAY\u0130LOV<\/option>\n\t\t\t\t\t\t\t\t\t\t\t\t\t\t\t\t\t\t\t<option value=\"382\">Op. Dr. Turab \u0130SMAY\u0130LOV<\/option>\n\t\t\t\t\t\t\t\t\t\t\t\t\t\t\t\t\t\t\t<option value=\"356\">Op. Dr. Ahmet Umut Yuvac\u0131<\/option>\n\t\t\t\t\t\t\t\t\t\t\t\t\t\t\t\t\t<\/select>\n\t\t\t\t\t\t\t<\/div>\n\t\t\t\t\t\t<\/div>\n\t\t\t\t\t\n\n\t\t\t\t\t<!-- Date Range -->\n\t\t\t\t\t<div id=\"booking-date-range-enabler\">\n\t\t\t\t\t\t<span>Pick a Date<\/span>\n\t\t\t\t\t<\/div>\n\n\t\t\t\t\t<div id=\"booking-date-range\" style=\"display: none;\">\n\t\t\t\t\t\t<span><\/span>\n\t\t\t\t\t<\/div>\n\n\n\t\t\t\t<\/div>\n\n\t\t\t\t<!-- Reply to review popup -->\n\n\n\t\t\t\t<h4>Booking Requests <i class=\"fa fa-circle-o-notch fa-spin booking-loading-icon\"><\/i> <\/h4>\n\t\t\t<\/div>\n\n\t\t\t<ul id=\"no-bookings-information\" style=\"display: none\">\n\t\t\t\tWe haven&#039;t found any bookings for that criteria\t\t\t<\/ul>\n\t\t\t\t\t\t\t<ul id=\"no-bookings-information\">\n\t\t\t\t\tYou don&#039;t have any bookings yet\t\t\t\t<\/ul>\n\t\t\t\n\t\t<\/div>\n\t\t<div class=\"pagination-container \">\n\t\t\t\t\t<\/div>\n\t\t<div id=\"small-dialog\" class=\"zoom-anim-dialog mfp-hide\">\n\t\t\t<div class=\"small-dialog-header\">\n\t\t\t\t<h3>Send Message<\/h3>\n\t\t\t<\/div>\n\t\t\t<div class=\"message-reply margin-top-0\">\n\t\t\t\t<form action=\"\" id=\"send-message-from-widget\" data-booking_id=\"\">\n\t\t\t\t\t<textarea data-recipient=\"\" data-referral=\"\" required cols=\"40\" id=\"contact-message\" name=\"message\" rows=\"3\" placeholder=\"Your message\"><\/textarea>\n\t\t\t\t\t<button class=\"button\">\n\t\t\t\t\t\t<i class=\"fa fa-circle-o-notch fa-spin\" aria-hidden=\"true\"><\/i>Send Message<\/button>\n\t\t\t\t\t<div class=\"notification closeable success margin-top-20\"><\/div>\n\n\t\t\t\t<\/form>\n\n\t\t\t<\/div>\n\t\t<\/div>\n\t\t<a style=\"display:none;\" href=\"#small-dialog\" class=\"send-message-to-owner button popup-with-zoom-anim\"><i class=\"sl sl-icon-envelope-open\"><\/i> Send Message<\/a>\n\t<\/div>\n<\/div>\n","protected":false},"excerpt":{"rendered":"","protected":false},"author":1,"featured_media":0,"parent":0,"menu_order":0,"comment_status":"closed","ping_status":"closed","template":"template-dashboard.php","meta":{"footnotes":""},"class_list":["post-106","page","type-page","status-publish","hentry"],"yoast_head":"<!-- This site is optimized with the Yoast SEO plugin v24.0 - https:\/\/yoast.com\/wordpress\/plugins\/seo\/ -->\n<title>Bookings - Doctorics | Health Tourism<\/title>\n<meta name=\"robots\" content=\"index, follow, max-snippet:-1, max-image-preview:large, max-video-preview:-1\" \/>\n<link rel=\"canonical\" href=\"https:\/\/www.doctorics.com\/health\/bookings\/\" \/>\n<meta property=\"og:locale\" content=\"tr_TR\" \/>\n<meta property=\"og:type\" content=\"article\" \/>\n<meta property=\"og:title\" content=\"Bookings - Doctorics | Health Tourism\" \/>\n<meta property=\"og:url\" content=\"https:\/\/www.doctorics.com\/health\/bookings\/\" \/>\n<meta property=\"og:site_name\" content=\"Doctorics | Health Tourism\" \/>\n<meta property=\"og:image\" content=\"https:\/\/www.doctorics.com\/health\/wp-content\/uploads\/2024\/02\/cropped-logo-web.png\" \/>\n\t<meta property=\"og:image:width\" content=\"512\" \/>\n\t<meta property=\"og:image:height\" content=\"512\" \/>\n\t<meta property=\"og:image:type\" content=\"image\/png\" \/>\n<meta name=\"twitter:card\" content=\"summary_large_image\" \/>\n<script type=\"application\/ld+json\" class=\"yoast-schema-graph\">{\"@context\":\"https:\/\/schema.org\",\"@graph\":[{\"@type\":\"WebPage\",\"@id\":\"https:\/\/www.doctorics.com\/health\/bookings\/\",\"url\":\"https:\/\/www.doctorics.com\/health\/bookings\/\",\"name\":\"Bookings - Doctorics | Health Tourism\",\"isPartOf\":{\"@id\":\"https:\/\/www.doctorics.com\/health\/#website\"},\"datePublished\":\"2018-11-02T10:41:38+00:00\",\"dateModified\":\"2018-11-02T10:41:38+00:00\",\"breadcrumb\":{\"@id\":\"https:\/\/www.doctorics.com\/health\/bookings\/#breadcrumb\"},\"inLanguage\":\"tr\",\"potentialAction\":[{\"@type\":\"ReadAction\",\"target\":[\"https:\/\/www.doctorics.com\/health\/bookings\/\"]}]},{\"@type\":\"BreadcrumbList\",\"@id\":\"https:\/\/www.doctorics.com\/health\/bookings\/#breadcrumb\",\"itemListElement\":[{\"@type\":\"ListItem\",\"position\":1,\"name\":\"Anasayfa\",\"item\":\"https:\/\/www.doctorics.com\/health\/\"},{\"@type\":\"ListItem\",\"position\":2,\"name\":\"Bookings\"}]},{\"@type\":\"WebSite\",\"@id\":\"https:\/\/www.doctorics.com\/health\/#website\",\"url\":\"https:\/\/www.doctorics.com\/health\/\",\"name\":\"Doctorics: Tourism and Health Tourism\",\"description\":\"\",\"publisher\":{\"@id\":\"https:\/\/www.doctorics.com\/health\/#organization\"},\"potentialAction\":[{\"@type\":\"SearchAction\",\"target\":{\"@type\":\"EntryPoint\",\"urlTemplate\":\"https:\/\/www.doctorics.com\/health\/?s={search_term_string}\"},\"query-input\":{\"@type\":\"PropertyValueSpecification\",\"valueRequired\":true,\"valueName\":\"search_term_string\"}}],\"inLanguage\":\"tr\"},{\"@type\":\"Organization\",\"@id\":\"https:\/\/www.doctorics.com\/health\/#organization\",\"name\":\"Doctorics: Tourism and Health Tourism\",\"url\":\"https:\/\/www.doctorics.com\/health\/\",\"logo\":{\"@type\":\"ImageObject\",\"inLanguage\":\"tr\",\"@id\":\"https:\/\/www.doctorics.com\/health\/#\/schema\/logo\/image\/\",\"url\":\"https:\/\/www.doctorics.com\/health\/wp-content\/uploads\/2024\/02\/cropped-logo-web.png\",\"contentUrl\":\"https:\/\/www.doctorics.com\/health\/wp-content\/uploads\/2024\/02\/cropped-logo-web.png\",\"width\":512,\"height\":512,\"caption\":\"Doctorics: Tourism and Health Tourism\"},\"image\":{\"@id\":\"https:\/\/www.doctorics.com\/health\/#\/schema\/logo\/image\/\"}}]}<\/script>\n<!-- \/ Yoast SEO plugin. -->","yoast_head_json":{"title":"Bookings - Doctorics | Health Tourism","robots":{"index":"index","follow":"follow","max-snippet":"max-snippet:-1","max-image-preview":"max-image-preview:large","max-video-preview":"max-video-preview:-1"},"canonical":"https:\/\/www.doctorics.com\/health\/bookings\/","og_locale":"tr_TR","og_type":"article","og_title":"Bookings - Doctorics | Health Tourism","og_url":"https:\/\/www.doctorics.com\/health\/bookings\/","og_site_name":"Doctorics | Health Tourism","og_image":[{"width":512,"height":512,"url":"https:\/\/www.doctorics.com\/health\/wp-content\/uploads\/2024\/02\/cropped-logo-web.png","type":"image\/png"}],"twitter_card":"summary_large_image","schema":{"@context":"https:\/\/schema.org","@graph":[{"@type":"WebPage","@id":"https:\/\/www.doctorics.com\/health\/bookings\/","url":"https:\/\/www.doctorics.com\/health\/bookings\/","name":"Bookings - Doctorics | Health Tourism","isPartOf":{"@id":"https:\/\/www.doctorics.com\/health\/#website"},"datePublished":"2018-11-02T10:41:38+00:00","dateModified":"2018-11-02T10:41:38+00:00","breadcrumb":{"@id":"https:\/\/www.doctorics.com\/health\/bookings\/#breadcrumb"},"inLanguage":"tr","potentialAction":[{"@type":"ReadAction","target":["https:\/\/www.doctorics.com\/health\/bookings\/"]}]},{"@type":"BreadcrumbList","@id":"https:\/\/www.doctorics.com\/health\/bookings\/#breadcrumb","itemListElement":[{"@type":"ListItem","position":1,"name":"Anasayfa","item":"https:\/\/www.doctorics.com\/health\/"},{"@type":"ListItem","position":2,"name":"Bookings"}]},{"@type":"WebSite","@id":"https:\/\/www.doctorics.com\/health\/#website","url":"https:\/\/www.doctorics.com\/health\/","name":"Doctorics: Tourism and Health Tourism","description":"","publisher":{"@id":"https:\/\/www.doctorics.com\/health\/#organization"},"potentialAction":[{"@type":"SearchAction","target":{"@type":"EntryPoint","urlTemplate":"https:\/\/www.doctorics.com\/health\/?s={search_term_string}"},"query-input":{"@type":"PropertyValueSpecification","valueRequired":true,"valueName":"search_term_string"}}],"inLanguage":"tr"},{"@type":"Organization","@id":"https:\/\/www.doctorics.com\/health\/#organization","name":"Doctorics: Tourism and Health Tourism","url":"https:\/\/www.doctorics.com\/health\/","logo":{"@type":"ImageObject","inLanguage":"tr","@id":"https:\/\/www.doctorics.com\/health\/#\/schema\/logo\/image\/","url":"https:\/\/www.doctorics.com\/health\/wp-content\/uploads\/2024\/02\/cropped-logo-web.png","contentUrl":"https:\/\/www.doctorics.com\/health\/wp-content\/uploads\/2024\/02\/cropped-logo-web.png","width":512,"height":512,"caption":"Doctorics: Tourism and Health Tourism"},"image":{"@id":"https:\/\/www.doctorics.com\/health\/#\/schema\/logo\/image\/"}}]}},"_links":{"self":[{"href":"https:\/\/www.doctorics.com\/health\/wp-json\/wp\/v2\/pages\/106","targetHints":{"allow":["GET"]}}],"collection":[{"href":"https:\/\/www.doctorics.com\/health\/wp-json\/wp\/v2\/pages"}],"about":[{"href":"https:\/\/www.doctorics.com\/health\/wp-json\/wp\/v2\/types\/page"}],"author":[{"embeddable":true,"href":"https:\/\/www.doctorics.com\/health\/wp-json\/wp\/v2\/users\/1"}],"replies":[{"embeddable":true,"href":"https:\/\/www.doctorics.com\/health\/wp-json\/wp\/v2\/comments?post=106"}],"version-history":[{"count":0,"href":"https:\/\/www.doctorics.com\/health\/wp-json\/wp\/v2\/pages\/106\/revisions"}],"wp:attachment":[{"href":"https:\/\/www.doctorics.com\/health\/wp-json\/wp\/v2\/media?parent=106"}],"curies":[{"name":"wp","href":"https:\/\/api.w.org\/{rel}","templated":true}]}}