{"id":15756,"date":"2023-10-13T15:56:11","date_gmt":"2023-10-13T12:56:11","guid":{"rendered":"https:\/\/www.doctorics.com\/health-old\/?post_type=product&#038;p=15756"},"modified":"2023-10-13T16:26:13","modified_gmt":"2023-10-13T13:26:13","slug":"solak-kalemi","status":"publish","type":"product","link":"https:\/\/www.doctorics.com\/health-old\/magaza\/genel\/solak-kalemi\/","title":{"rendered":"Solak Kalemi"},"content":{"rendered":"Solaklar \u0130\u00e7in \u00d6zel Olarak Tasarlanm\u0131\u015f Kalem.\r\n\r\nTekli olarak sat\u0131lmaktad\u0131r!","protected":false},"excerpt":{"rendered":"<p>Solaks\u0131n\u0131z Diye \u00dcz\u00fclmeyin!<\/p>\n","protected":false},"featured_media":15758,"comment_status":"open","ping_status":"closed","template":"","meta":[],"product_cat":[15],"product_tag":[],"class_list":["post-15756","product","type-product","status-publish","has-post-thumbnail","hentry","product_cat-genel"],"yoast_head":"<!-- This site is optimized with the Yoast SEO plugin v21.6 - https:\/\/yoast.com\/wordpress\/plugins\/seo\/ -->\n<title>Solak Kalemi - Doctorics<\/title>\n<meta name=\"robots\" content=\"noindex, follow, max-snippet:-1, max-image-preview:large, max-video-preview:-1\" \/>\n<meta property=\"og:locale\" content=\"tr_TR\" \/>\n<meta property=\"og:type\" content=\"article\" \/>\n<meta property=\"og:title\" content=\"Solak Kalemi - Doctorics\" \/>\n<meta property=\"og:description\" content=\"Solaks\u0131n\u0131z Diye \u00dcz\u00fclmeyin!\" \/>\n<meta property=\"og:url\" content=\"https:\/\/www.doctorics.com\/health-old\/magaza\/genel\/solak-kalemi\/\" \/>\n<meta property=\"og:site_name\" content=\"Doctorics\" \/>\n<meta property=\"article:modified_time\" content=\"2023-10-13T13:26:13+00:00\" \/>\n<meta property=\"og:image\" content=\"https:\/\/www.doctorics.com\/health-old\/wp-content\/uploads\/2023\/10\/solak-kalemi.jpg\" \/>\n\t<meta property=\"og:image:width\" content=\"463\" \/>\n\t<meta property=\"og:image:height\" content=\"518\" \/>\n\t<meta property=\"og:image:type\" content=\"image\/jpeg\" \/>\n<meta name=\"twitter:card\" content=\"summary_large_image\" \/>\n<script type=\"application\/ld+json\" class=\"yoast-schema-graph\">{\"@context\":\"https:\/\/schema.org\",\"@graph\":[{\"@type\":\"WebPage\",\"@id\":\"https:\/\/www.doctorics.com\/health-old\/magaza\/genel\/solak-kalemi\/\",\"url\":\"https:\/\/www.doctorics.com\/health-old\/magaza\/genel\/solak-kalemi\/\",\"name\":\"Solak Kalemi - Doctorics\",\"isPartOf\":{\"@id\":\"https:\/\/www.doctorics.com\/health-old\/#website\"},\"datePublished\":\"2023-10-13T12:56:11+00:00\",\"dateModified\":\"2023-10-13T13:26:13+00:00\",\"breadcrumb\":{\"@id\":\"https:\/\/www.doctorics.com\/health-old\/magaza\/genel\/solak-kalemi\/#breadcrumb\"},\"inLanguage\":\"tr\",\"potentialAction\":[{\"@type\":\"ReadAction\",\"target\":[\"https:\/\/www.doctorics.com\/health-old\/magaza\/genel\/solak-kalemi\/\"]}]},{\"@type\":\"BreadcrumbList\",\"@id\":\"https:\/\/www.doctorics.com\/health-old\/magaza\/genel\/solak-kalemi\/#breadcrumb\",\"itemListElement\":[{\"@type\":\"ListItem\",\"position\":1,\"name\":\"Anasayfa\",\"item\":\"https:\/\/www.doctorics.com\/health-old\/\"},{\"@type\":\"ListItem\",\"position\":2,\"name\":\"Shop\",\"item\":\"https:\/\/www.doctorics.com\/health-old\/shop\/\"},{\"@type\":\"ListItem\",\"position\":3,\"name\":\"Solak Kalemi\"}]},{\"@type\":\"WebSite\",\"@id\":\"https:\/\/www.doctorics.com\/health-old\/#website\",\"url\":\"https:\/\/www.doctorics.com\/health-old\/\",\"name\":\"Doctorics\",\"description\":\"\",\"potentialAction\":[{\"@type\":\"SearchAction\",\"target\":{\"@type\":\"EntryPoint\",\"urlTemplate\":\"https:\/\/www.doctorics.com\/health-old\/?s={search_term_string}\"},\"query-input\":\"required name=search_term_string\"}],\"inLanguage\":\"tr\"}]}<\/script>\n<!-- \/ Yoast SEO plugin. -->","yoast_head_json":{"title":"Solak Kalemi - Doctorics","robots":{"index":"noindex","follow":"follow","max-snippet":"max-snippet:-1","max-image-preview":"max-image-preview:large","max-video-preview":"max-video-preview:-1"},"og_locale":"tr_TR","og_type":"article","og_title":"Solak Kalemi - Doctorics","og_description":"Solaks\u0131n\u0131z Diye \u00dcz\u00fclmeyin!","og_url":"https:\/\/www.doctorics.com\/health-old\/magaza\/genel\/solak-kalemi\/","og_site_name":"Doctorics","article_modified_time":"2023-10-13T13:26:13+00:00","og_image":[{"width":463,"height":518,"url":"https:\/\/www.doctorics.com\/health-old\/wp-content\/uploads\/2023\/10\/solak-kalemi.jpg","type":"image\/jpeg"}],"twitter_card":"summary_large_image","schema":{"@context":"https:\/\/schema.org","@graph":[{"@type":"WebPage","@id":"https:\/\/www.doctorics.com\/health-old\/magaza\/genel\/solak-kalemi\/","url":"https:\/\/www.doctorics.com\/health-old\/magaza\/genel\/solak-kalemi\/","name":"Solak Kalemi - Doctorics","isPartOf":{"@id":"https:\/\/www.doctorics.com\/health-old\/#website"},"datePublished":"2023-10-13T12:56:11+00:00","dateModified":"2023-10-13T13:26:13+00:00","breadcrumb":{"@id":"https:\/\/www.doctorics.com\/health-old\/magaza\/genel\/solak-kalemi\/#breadcrumb"},"inLanguage":"tr","potentialAction":[{"@type":"ReadAction","target":["https:\/\/www.doctorics.com\/health-old\/magaza\/genel\/solak-kalemi\/"]}]},{"@type":"BreadcrumbList","@id":"https:\/\/www.doctorics.com\/health-old\/magaza\/genel\/solak-kalemi\/#breadcrumb","itemListElement":[{"@type":"ListItem","position":1,"name":"Anasayfa","item":"https:\/\/www.doctorics.com\/health-old\/"},{"@type":"ListItem","position":2,"name":"Shop","item":"https:\/\/www.doctorics.com\/health-old\/shop\/"},{"@type":"ListItem","position":3,"name":"Solak Kalemi"}]},{"@type":"WebSite","@id":"https:\/\/www.doctorics.com\/health-old\/#website","url":"https:\/\/www.doctorics.com\/health-old\/","name":"Doctorics","description":"","potentialAction":[{"@type":"SearchAction","target":{"@type":"EntryPoint","urlTemplate":"https:\/\/www.doctorics.com\/health-old\/?s={search_term_string}"},"query-input":"required name=search_term_string"}],"inLanguage":"tr"}]}},"_links":{"self":[{"href":"https:\/\/www.doctorics.com\/health-old\/wp-json\/wp\/v2\/product\/15756","targetHints":{"allow":["GET"]}}],"collection":[{"href":"https:\/\/www.doctorics.com\/health-old\/wp-json\/wp\/v2\/product"}],"about":[{"href":"https:\/\/www.doctorics.com\/health-old\/wp-json\/wp\/v2\/types\/product"}],"replies":[{"embeddable":true,"href":"https:\/\/www.doctorics.com\/health-old\/wp-json\/wp\/v2\/comments?post=15756"}],"version-history":[{"count":3,"href":"https:\/\/www.doctorics.com\/health-old\/wp-json\/wp\/v2\/product\/15756\/revisions"}],"predecessor-version":[{"id":15763,"href":"https:\/\/www.doctorics.com\/health-old\/wp-json\/wp\/v2\/product\/15756\/revisions\/15763"}],"wp:featuredmedia":[{"embeddable":true,"href":"https:\/\/www.doctorics.com\/health-old\/wp-json\/wp\/v2\/media\/15758"}],"wp:attachment":[{"href":"https:\/\/www.doctorics.com\/health-old\/wp-json\/wp\/v2\/media?parent=15756"}],"wp:term":[{"taxonomy":"product_cat","embeddable":true,"href":"https:\/\/www.doctorics.com\/health-old\/wp-json\/wp\/v2\/product_cat?post=15756"},{"taxonomy":"product_tag","embeddable":true,"href":"https:\/\/www.doctorics.com\/health-old\/wp-json\/wp\/v2\/product_tag?post=15756"}],"curies":[{"name":"wp","href":"https:\/\/api.w.org\/{rel}","templated":true}]}}